{"id":3071,"date":"2022-06-08T15:43:29","date_gmt":"2022-06-08T13:43:29","guid":{"rendered":"https:\/\/families.eduvic.coop\/modelo-terapia-familiar-socioeducativa\/"},"modified":"2023-03-10T13:58:15","modified_gmt":"2023-03-10T11:58:15","slug":"modelo-terapia-familiar-socioeducativa","status":"publish","type":"page","link":"https:\/\/families.eduvic.coop\/es\/modelo-terapia-familiar-socioeducativa\/","title":{"rendered":"Modelo terapia familiar socioeducativa"},"content":{"rendered":"<div class=\"wpb-content-wrapper\"><p>[vc_section full_width=\u00bbstretch_row\u00bb el_class=\u00bbseccio-header\u00bb css=\u00bb.vc_custom_1663585015971{background-image: url(https:\/\/families.eduvic.coop\/wp-content\/uploads\/2022\/09\/Terapia-familiar-socioeducativa-scaled.jpg?id=2019) !important;background-position: center !important;background-repeat: no-repeat !important;background-size: cover !important;}\u00bb][vc_row full_width=\u00bbstretch_row\u00bb equal_height=\u00bbyes\u00bb el_class=\u00bbimg-gradient\u00bb][vc_column width=\u00bb2\/3&#8243;][vc_column_text el_class=\u00bbtitol-models\u00bb]<\/p>\n<h4>Modelo de trabajo<\/h4>\n<h1>Terapia familiar socioeducativa<\/h1>\n<p>[\/vc_column_text][\/vc_column][vc_column width=\u00bb1\/3&#8243;][\/vc_column][\/vc_row][\/vc_section][vc_section el_class=\u00bbseccio-models\u00bb][vc_row][vc_column][vc_column_text]Es un modelo estructurado por la cooperativa EDUVIC para acompa\u00f1ar a familias atendidas en contextos sociales y educativos que presentan situaciones de vulnerabilidad y riesgo grave.<\/p>\n<p>Est\u00e1 formado por varios enfoques sist\u00e9micos, como el enfoque estrat\u00e9gico, que aporta eficiencia para reducir el estr\u00e9s instaurado en la din\u00e1mica familiar por la presencia de s\u00edntomas en uno\/a o m\u00e1s miembros de la familia; el enfoque estructuralista y la narrativa, que permiten construir comprensiones nuevas para transformar la din\u00e1mica relacional de la familia y, por tanto, generar procesos de transformaci\u00f3n y salud relacional; y la mirada de las ciencias sociales, que aporta conocimientos y m\u00e9todos psicoeducativos que permiten a la familia hacer propios los recursos y capacidades que no han adquirido o integrado en su recorrido hist\u00f3rico.<\/p>\n<p>La terapia familiar socioeducativa busca una transformaci\u00f3n relacional, emocional y cognitiva en las personas y las familias por medio de una adecuada capacitaci\u00f3n social que apodere y posibilite el desarrollo personal, familiar y social. Por este motivo, destaca su car\u00e1cter promocional, preventivo y de tratamiento. En este sentido, es tan importante el trabajo con la familia como con los y las profesionales de otros servicios que atienden a la familia para garantizar un acompa\u00f1amiento ecol\u00f3gico, coordinando, eficiente y coherente con las necesidades familiares y personales de los y las miembros que la conforman.<\/p>\n<p>El proceso terap\u00e9utico familiar socioeducativo consiste en trabajar la comprensi\u00f3n que la familia tiene de sus problemas. Por lo general, son familias con un recorrido de a\u00f1os por diversos servicios sociales y sanitarios que han significado sus problemas relacionales y emocionales como el fruto de trastornos mentales o de patrones disfuncionales que no se pueden modificar. El proceso implica generar nuevas comprensiones que les permita mirar las situaciones dolorosas que viven o han vivido como el resultado de la carencia de oportunidades en la adquisici\u00f3n de habilidades, comprensiones, conocimientos, capacidades, etc., que pueden integrar durante el proceso terap\u00e9utico y que, por tanto, les permitir\u00e1 lograr mejoras.[\/vc_column_text][\/vc_column][\/vc_row][\/vc_section]<\/p>\n<\/div>","protected":false},"excerpt":{"rendered":"<div class='heateorSssClear'><\/div><div  class='heateor_sss_sharing_container heateor_sss_horizontal_sharing' data-heateor-sss-href='https:\/\/families.eduvic.coop\/es\/modelo-terapia-familiar-socioeducativa\/'><div class='heateor_sss_sharing_title' style=\"font-weight:bold\" >Comparteix<\/div><div class=\"heateor_sss_sharing_ul\"><a aria-label=\"Facebook\" class=\"heateor_sss_facebook\" href=\"https:\/\/www.facebook.com\/sharer\/sharer.php?u=https%3A%2F%2Ffamilies.eduvic.coop%2Fes%2Fmodelo-terapia-familiar-socioeducativa%2F\" title=\"Facebook\" rel=\"nofollow noopener\" target=\"_blank\" style=\"font-size:32px!important;box-shadow:none;display:inline-block;vertical-align:middle\"><span class=\"heateor_sss_svg\" style=\"background-color:#0765FE;width:35px;height:35px;border-radius:999px;display:inline-block;opacity:1;float:left;font-size:32px;box-shadow:none;display:inline-block;font-size:16px;padding:0 4px;vertical-align:middle;background-repeat:repeat;overflow:hidden;padding:0;cursor:pointer;box-sizing:content-box\"><svg style=\"display:block;border-radius:999px;\" focusable=\"false\" aria-hidden=\"true\" xmlns=\"http:\/\/www.w3.org\/2000\/svg\" width=\"100%\" height=\"100%\" viewBox=\"0 0 32 32\"><path fill=\"#fff\" d=\"M28 16c0-6.627-5.373-12-12-12S4 9.373 4 16c0 5.628 3.875 10.35 9.101 11.647v-7.98h-2.474V16H13.1v-1.58c0-4.085 1.849-5.978 5.859-5.978.76 0 2.072.15 2.608.298v3.325c-.283-.03-.775-.045-1.386-.045-1.967 0-2.728.745-2.728 2.683V16h3.92l-.673 3.667h-3.247v8.245C23.395 27.195 28 22.135 28 16Z\"><\/path><\/svg><\/span><\/a><a aria-label=\"Twitter\" class=\"heateor_sss_button_twitter\" href=\"https:\/\/twitter.com\/intent\/tweet?text=Modelo%20terapia%20familiar%20socioeducativa&url=https%3A%2F%2Ffamilies.eduvic.coop%2Fes%2Fmodelo-terapia-familiar-socioeducativa%2F\" title=\"Twitter\" rel=\"nofollow noopener\" target=\"_blank\" style=\"font-size:32px!important;box-shadow:none;display:inline-block;vertical-align:middle\"><span class=\"heateor_sss_svg heateor_sss_s__default heateor_sss_s_twitter\" style=\"background-color:#55acee;width:35px;height:35px;border-radius:999px;display:inline-block;opacity:1;float:left;font-size:32px;box-shadow:none;display:inline-block;font-size:16px;padding:0 4px;vertical-align:middle;background-repeat:repeat;overflow:hidden;padding:0;cursor:pointer;box-sizing:content-box\"><svg style=\"display:block;border-radius:999px;\" focusable=\"false\" aria-hidden=\"true\" xmlns=\"http:\/\/www.w3.org\/2000\/svg\" width=\"100%\" height=\"100%\" viewBox=\"-4 -4 39 39\"><path d=\"M28 8.557a9.913 9.913 0 0 1-2.828.775 4.93 4.93 0 0 0 2.166-2.725 9.738 9.738 0 0 1-3.13 1.194 4.92 4.92 0 0 0-3.593-1.55 4.924 4.924 0 0 0-4.794 6.049c-4.09-.21-7.72-2.17-10.15-5.15a4.942 4.942 0 0 0-.665 2.477c0 1.71.87 3.214 2.19 4.1a4.968 4.968 0 0 1-2.23-.616v.06c0 2.39 1.7 4.38 3.952 4.83-.414.115-.85.174-1.297.174-.318 0-.626-.03-.928-.086a4.935 4.935 0 0 0 4.6 3.42 9.893 9.893 0 0 1-6.114 2.107c-.398 0-.79-.023-1.175-.068a13.953 13.953 0 0 0 7.55 2.213c9.056 0 14.01-7.507 14.01-14.013 0-.213-.005-.426-.015-.637.96-.695 1.795-1.56 2.455-2.55z\" fill=\"#fff\"><\/path><\/svg><\/span><\/a><a aria-label=\"Linkedin\" class=\"heateor_sss_button_linkedin\" href=\"https:\/\/www.linkedin.com\/sharing\/share-offsite\/?url=https%3A%2F%2Ffamilies.eduvic.coop%2Fes%2Fmodelo-terapia-familiar-socioeducativa%2F\" title=\"Linkedin\" rel=\"nofollow noopener\" target=\"_blank\" style=\"font-size:32px!important;box-shadow:none;display:inline-block;vertical-align:middle\"><span class=\"heateor_sss_svg heateor_sss_s__default heateor_sss_s_linkedin\" style=\"background-color:#0077b5;width:35px;height:35px;border-radius:999px;display:inline-block;opacity:1;float:left;font-size:32px;box-shadow:none;display:inline-block;font-size:16px;padding:0 4px;vertical-align:middle;background-repeat:repeat;overflow:hidden;padding:0;cursor:pointer;box-sizing:content-box\"><svg style=\"display:block;border-radius:999px;\" focusable=\"false\" aria-hidden=\"true\" xmlns=\"http:\/\/www.w3.org\/2000\/svg\" width=\"100%\" height=\"100%\" viewBox=\"0 0 32 32\"><path d=\"M6.227 12.61h4.19v13.48h-4.19V12.61zm2.095-6.7a2.43 2.43 0 0 1 0 4.86c-1.344 0-2.428-1.09-2.428-2.43s1.084-2.43 2.428-2.43m4.72 6.7h4.02v1.84h.058c.56-1.058 1.927-2.176 3.965-2.176 4.238 0 5.02 2.792 5.02 6.42v7.395h-4.183v-6.56c0-1.564-.03-3.574-2.178-3.574-2.18 0-2.514 1.7-2.514 3.46v6.668h-4.187V12.61z\" fill=\"#fff\"><\/path><\/svg><\/span><\/a><a aria-label=\"Whatsapp\" class=\"heateor_sss_whatsapp\" href=\"https:\/\/api.whatsapp.com\/send?text=Modelo%20terapia%20familiar%20socioeducativa%20https%3A%2F%2Ffamilies.eduvic.coop%2Fes%2Fmodelo-terapia-familiar-socioeducativa%2F\" title=\"Whatsapp\" rel=\"nofollow noopener\" target=\"_blank\" style=\"font-size:32px!important;box-shadow:none;display:inline-block;vertical-align:middle\"><span class=\"heateor_sss_svg\" style=\"background-color:#55eb4c;width:35px;height:35px;border-radius:999px;display:inline-block;opacity:1;float:left;font-size:32px;box-shadow:none;display:inline-block;font-size:16px;padding:0 4px;vertical-align:middle;background-repeat:repeat;overflow:hidden;padding:0;cursor:pointer;box-sizing:content-box\"><svg style=\"display:block;border-radius:999px;\" focusable=\"false\" aria-hidden=\"true\" xmlns=\"http:\/\/www.w3.org\/2000\/svg\" width=\"100%\" height=\"100%\" viewBox=\"-6 -5 40 40\"><path class=\"heateor_sss_svg_stroke heateor_sss_no_fill\" stroke=\"#fff\" stroke-width=\"2\" fill=\"none\" d=\"M 11.579798566743314 24.396926207859085 A 10 10 0 1 0 6.808479557110079 20.73576436351046\"><\/path><path d=\"M 7 19 l -1 6 l 6 -1\" class=\"heateor_sss_no_fill heateor_sss_svg_stroke\" stroke=\"#fff\" stroke-width=\"2\" fill=\"none\"><\/path><path d=\"M 10 10 q -1 8 8 11 c 5 -1 0 -6 -1 -3 q -4 -3 -5 -5 c 4 -2 -1 -5 -1 -4\" fill=\"#fff\"><\/path><\/svg><\/span><\/a><a aria-label=\"Instagram\" class=\"heateor_sss_button_instagram\" href=\"https:\/\/www.instagram.com\/\" title=\"Instagram\" rel=\"nofollow noopener\" target=\"_blank\" style=\"font-size:32px!important;box-shadow:none;display:inline-block;vertical-align:middle\"><span class=\"heateor_sss_svg\" style=\"background-color:#53beee;width:35px;height:35px;border-radius:999px;display:inline-block;opacity:1;float:left;font-size:32px;box-shadow:none;display:inline-block;font-size:16px;padding:0 4px;vertical-align:middle;background-repeat:repeat;overflow:hidden;padding:0;cursor:pointer;box-sizing:content-box\"><svg style=\"display:block;border-radius:999px;\" version=\"1.1\" viewBox=\"-10 -10 148 148\" width=\"100%\" height=\"100%\" xml:space=\"preserve\" xmlns=\"http:\/\/www.w3.org\/2000\/svg\" xmlns:xlink=\"http:\/\/www.w3.org\/1999\/xlink\"><g><g><path d=\"M86,112H42c-14.336,0-26-11.663-26-26V42c0-14.337,11.664-26,26-26h44c14.337,0,26,11.663,26,26v44 C112,100.337,100.337,112,86,112z M42,24c-9.925,0-18,8.074-18,18v44c0,9.925,8.075,18,18,18h44c9.926,0,18-8.075,18-18V42 c0-9.926-8.074-18-18-18H42z\" fill=\"#fff\"><\/path><\/g><g><path d=\"M64,88c-13.234,0-24-10.767-24-24c0-13.234,10.766-24,24-24s24,10.766,24,24C88,77.233,77.234,88,64,88z M64,48c-8.822,0-16,7.178-16,16s7.178,16,16,16c8.822,0,16-7.178,16-16S72.822,48,64,48z\" fill=\"#fff\"><\/path><\/g><g><circle cx=\"89.5\" cy=\"38.5\" fill=\"#fff\" r=\"5.5\"><\/circle><\/g><\/g><\/svg><\/span><\/a><\/div><div class=\"heateorSssClear\"><\/div><\/div><div class='heateorSssClear'><\/div><p>[vc_section full_width=\u00bbstretch_row\u00bb el_class=\u00bbseccio-header\u00bb css=\u00bb.vc_custom_1663585015971{background-image: url(https:\/\/families.eduvic.coop\/wp-content\/uploads\/2022\/09\/Terapia-familiar-socioeducativa-scaled.jpg?id=2019) !important;background-position: center !important;background-repeat: no-repeat !important;background-size: cover !important;}\u00bb][vc_row full_width=\u00bbstretch_row\u00bb equal_height=\u00bbyes\u00bb el_class=\u00bbimg-gradient\u00bb][vc_column width=\u00bb2\/3&#8243;][vc_column_text el_class=\u00bbtitol-models\u00bb] Modelo de trabajo &#8230; <a title=\"Modelo terapia familiar socioeducativa\" class=\"read-more\" href=\"https:\/\/families.eduvic.coop\/es\/modelo-terapia-familiar-socioeducativa\/\" aria-label=\"Leer m\u00e1s sobre Modelo terapia familiar socioeducativa\"> <\/a><\/p>\n","protected":false},"author":2,"featured_media":0,"parent":0,"menu_order":0,"comment_status":"closed","ping_status":"closed","template":"","meta":{"footnotes":""},"class_list":["post-3071","page","type-page","status-publish"],"_links":{"self":[{"href":"https:\/\/families.eduvic.coop\/es\/wp-json\/wp\/v2\/pages\/3071","targetHints":{"allow":["GET"]}}],"collection":[{"href":"https:\/\/families.eduvic.coop\/es\/wp-json\/wp\/v2\/pages"}],"about":[{"href":"https:\/\/families.eduvic.coop\/es\/wp-json\/wp\/v2\/types\/page"}],"author":[{"embeddable":true,"href":"https:\/\/families.eduvic.coop\/es\/wp-json\/wp\/v2\/users\/2"}],"replies":[{"embeddable":true,"href":"https:\/\/families.eduvic.coop\/es\/wp-json\/wp\/v2\/comments?post=3071"}],"version-history":[{"count":5,"href":"https:\/\/families.eduvic.coop\/es\/wp-json\/wp\/v2\/pages\/3071\/revisions"}],"predecessor-version":[{"id":3076,"href":"https:\/\/families.eduvic.coop\/es\/wp-json\/wp\/v2\/pages\/3071\/revisions\/3076"}],"wp:attachment":[{"href":"https:\/\/families.eduvic.coop\/es\/wp-json\/wp\/v2\/media?parent=3071"}],"curies":[{"name":"wp","href":"https:\/\/api.w.org\/{rel}","templated":true}]}}