{"id":2930,"date":"2022-05-26T12:16:38","date_gmt":"2022-05-26T10:16:38","guid":{"rendered":"https:\/\/families.eduvic.coop\/soaf-el-prat\/"},"modified":"2023-03-09T18:55:24","modified_gmt":"2023-03-09T16:55:24","slug":"soaf-el-prat","status":"publish","type":"page","link":"https:\/\/families.eduvic.coop\/es\/soaf-el-prat\/","title":{"rendered":"SOAF \u2013 El Prat"},"content":{"rendered":"<div class=\"wpb-content-wrapper\"><p>[vc_section full_width=\u00bbstretch_row\u00bb el_class=\u00bbseccio-header\u00bb css=\u00bb.vc_custom_1663312011453{background-image: url(https:\/\/families.eduvic.coop\/wp-content\/uploads\/2022\/09\/portada-objectius.jpg?id=1870) !important;background-position: center !important;background-repeat: no-repeat !important;background-size: cover !important;}\u00bb][vc_row full_width=\u00bbstretch_row\u00bb el_class=\u00bbimg-gradient titols-projectes\u00bb][vc_column][vc_column_text]<\/p>\n<h1>SOAF \u2013 El Prat<\/h1>\n<h4>Servicio de Orientaci\u00f3n y Acompa\u00f1amiento a las Familias<\/h4>\n<p>[\/vc_column_text][vc_column_text]<\/p>\n<h4><strong>Fecha de inicio del servicio:<\/strong> Septiembre de 2020<\/h4>\n<p>[\/vc_column_text][\/vc_column][\/vc_row][\/vc_section][vc_section el_class=\u00bbseccio-projectes seccio-info\u00bb][vc_row gap=\u00bb35&#8243;][vc_column width=\u00bb2\/3&#8243;][vc_empty_space el_class=\u00bbno-mobile\u00bb][vc_column_text]Impulsado por el Departamento de Derechos Sociales de la Generalidad de Catalu\u00f1a y el Ayuntamiento del Prat de Llobregat<\/p>\n<p><strong>Forma parte desde 2020 del Servicio de Atenci\u00f3n a Familias del consistorio, junto con los programas \u00c0ncora, Ruta y Pasarela del SIS. Proviene del Espacio de Atenci\u00f3n Familiar (EAF), impulsado por el Ayuntamiento del Prat de Llobregat y gestionado por EDUVIC desde 2014 hasta septiembre de 2020, momento en el que el servicio se transforma en SOAF.<\/strong><\/p>\n<p><strong>Se accede al servicio por iniciativa propia o por derivaci\u00f3n de los\/las profesionales de la red de servicios sociales, educativos y sanitarios de El Prat de Llobregat.<\/strong>[\/vc_column_text][\/vc_column][vc_column width=\u00bb1\/3&#8243;]<div class=\"ult-content-box-container \" >\t\t<div class=\"ult-content-box\" style=\"box-shadow: px px px px none;-webkit-transition: all 700ms ease;-moz-transition: all 700ms ease;-ms-transition: all 700ms ease;-o-transition: all 700ms ease;transition: all 700ms ease;\"  data-hover_box_shadow=\"none\"    >[vc_single_image image=\u00bb1233&#8243; img_size=\u00bbmedium\u00bb alignment=\u00bbcenter\u00bb el_class=\u00bbimg-logo\u00bb][vc_single_image image=\u00bb1225&#8243; img_size=\u00bbmedium\u00bb alignment=\u00bbcenter\u00bb el_class=\u00bbimg-logo\u00bb]\t\t<\/div><\/div>[\/vc_column][\/vc_row][\/vc_section][vc_section full_width=\u00bbstretch_row\u00bb css=\u00bb.vc_custom_1658834243676{background-color: #ededed !important;background-position: 0 0 !important;background-repeat: no-repeat !important;}\u00bb el_id=\u00bbprojectes-1&#8243;][vc_row equal_height=\u00bbyes\u00bb el_class=\u00bbpastilla-proyecto shadow-default\u00bb][vc_column][vc_column_text]<\/p>\n<h3>Definici\u00f3n<\/h3>\n<p>Servicio dirigido a las familias, de car\u00e1cter universal, preventivo y de tratamiento, estructurado en tres ejes principales para mejorar el bienestar integral de las personas atendidas: la intervenci\u00f3n relacional socioeducativa preventiva, el fomento de las competencias parentales\/marentales y la parentalidad\/marentalidad positiva, y la promoci\u00f3n de la comunidad como factor de integraci\u00f3n y cohesi\u00f3n social.[\/vc_column_text][\/vc_column][\/vc_row][\/vc_section][vc_section full_width=\u00bbstretch_row\u00bb css=\u00bb.vc_custom_1658834256796{background-color: #ededed !important;background-position: center !important;background-repeat: no-repeat !important;background-size: contain !important;}\u00bb el_id=\u00bbprojectes-2&#8243;][vc_row equal_height=\u00bbyes\u00bb el_class=\u00bbpastilla-proyecto shadow-default\u00bb][vc_column width=\u00bb1\/3&#8243; el_class=\u00bbcol-right\u00bb][vc_single_image image=\u00bb1779&#8243; img_size=\u00bblarge\u00bb alignment=\u00bbcenter\u00bb][vc_toggle title=\u00bbObjetivos\u00bb el_class=\u00bbdesplegable\u00bb]<\/p>\n<ul>\n<li>Orientar sobre cuestiones relacionadas con la educaci\u00f3n de los hijos\/as seg\u00fan las etapas del crecimiento de los ni\u00f1os\/as y de los\/las adolescentes.<\/li>\n<li>Dar un soporte terap\u00e9utico especializado cuando existe una dificultad o una problem\u00e1tica espec\u00edfica, relacional o emocional.<\/li>\n<li>Promover la participaci\u00f3n activa en la comunidad, con actividades y encuentros comunitarios.<\/li>\n<li>Fomentar las relaciones intrafamiliares e intergeneracionales para romper la soledad y el aislamiento no deseados.<\/li>\n<li>Orientar, acompa\u00f1ar y conectar con la red de servicios y recursos del territorio seg\u00fan las necesidades de cada familia.<\/li>\n<li>Complementar el trabajo de los equipos de servicios sociales.<\/li>\n<\/ul>\n<p>[\/vc_toggle][\/vc_column][vc_column width=\u00bb1\/3&#8243;][vc_single_image image=\u00bb1868&#8243; img_size=\u00bblarge\u00bb alignment=\u00bbcenter\u00bb][vc_toggle title=\u00bbPrincipios\u00bb el_class=\u00bbdesplegable\u00bb]<\/p>\n<ul>\n<li>Servicio universal y preventivo.<\/li>\n<li>Enfoque sist\u00e9mico, relacional, integral y comunitario.<\/li>\n<li>Flexibilidad horaria para facilitar la vinculaci\u00f3n al servicio de las personas atendidas.<\/li>\n<li>Atenci\u00f3n a la identidad y la igualdad de g\u00e9nero en el marco familiar o convivencial.<\/li>\n<li>Implicaci\u00f3n y motivaci\u00f3n de las personas atendidas para que tomen conciencia de los recursos propios que pueden poner en juego para afrontar y resolver sus dificultades emocionales, relacionales, educativas y de inserci\u00f3n social.<\/li>\n<li>Trabajo en red entre los\/las profesionales y los\/las agentes de los servicios sociales, educativos, asociativos, l\u00fadicos, etc., del territorio para optimizar recursos y velar por la coherencia y la eficacia de las acciones emprendidas.<\/li>\n<li>Gesti\u00f3n basada en la calidad y la responsabilidad social.<\/li>\n<\/ul>\n<p>[\/vc_toggle][\/vc_column][vc_column width=\u00bb1\/3&#8243;][vc_single_image image=\u00bb1869&#8243; img_size=\u00bblarge\u00bb alignment=\u00bbcenter\u00bb][vc_toggle title=\u00bbServicios\u00bb el_class=\u00bbdesplegable\u00bb]<\/p>\n<ul>\n<li><strong>De acompa\u00f1amiento individual\/familiar:<\/strong>\n<ul>\n<li>Orientaci\u00f3n en aspectos de crianza positiva, informaci\u00f3n y derivaci\u00f3n de las familias, si en su caso, en los programas propios o en otros servicios de la red local.<\/li>\n<li>Apoyo terap\u00e9utico relacional socioeducativo, de pareja o personal, para acompa\u00f1ar a las personas que se encuentran en situaciones de dificultades emocionales y relacionales que afectan a su crecimiento integral.<\/li>\n<\/ul>\n<\/li>\n<\/ul>\n<p>&nbsp;<\/p>\n<ul>\n<li><strong>De acompa\u00f1amiento grupal: <\/strong>\n<ul>\n<li>Talleres y\/o monogr\u00e1ficos dirigidos a padres y madres, adolescentes, docentes y profesionales de los servicios sociales, para fomentar la parentalidad\/marentalidad positiva y profundizar en temas concretos relacionados con el \u00e1mbito familiar, como los conflictos intergeneracionales, las drogadicciones, la violencia de g\u00e9nero, la mirada sist\u00e9mica en el abordaje de casos, etc., seg\u00fan las necesidades detectadas.<\/li>\n<\/ul>\n<\/li>\n<\/ul>\n<p>&nbsp;<\/p>\n<ul>\n<li><strong>De dinamitzaci\u00f3n comunitaria: <\/strong>\n<ul>\n<li>Actuaciones comunitarias destinadas a promover la crianza positiva y a favorecer la integraci\u00f3n de las familias en su entorno social, cultural, etc.<\/li>\n<\/ul>\n<\/li>\n<\/ul>\n<p>[\/vc_toggle][\/vc_column][\/vc_row][\/vc_section][vc_section full_width=\u00bbstretch_row\u00bb el_class=\u00bbxarxa-serveis\u00bb css=\u00bb.vc_custom_1663311329510{background-image: url(https:\/\/families.eduvic.coop\/wp-content\/uploads\/2022\/09\/151_transp.jpg?id=1866) !important;background-position: center !important;background-repeat: no-repeat !important;background-size: cover !important;}\u00bb][vc_row gap=\u00bb35&#8243; equal_height=\u00bbyes\u00bb][vc_column][vc_column_text]<\/p>\n<h3 style=\"text-align: left;\">Red de servicios locales con los que se trabaja<\/h3>\n<ul>\n<li>EBAS Marina, Centre, Sant Cosme i Ribera Baixa<\/li>\n<li>SIS: programas \u00c0ncora, Ruta i Passarel\u00b7la<\/li>\n<li>EAIA Baix Llobregat VI<\/li>\n<li>Associaci\u00f3 SAO Prat i C\u00e0ritas<\/li>\n<li>Salud mental: CDIAP, CSMIJ, CSMA y Espai Situa\u2019t<\/li>\n<li>CAP<\/li>\n<li>Centros educativos: guarder\u00edas, escuelas y institutos de El Prat de Llobregat<\/li>\n<li>EAP<\/li>\n<li><span style=\"font-size: inherit;\">Departamento de Educaci\u00f3n del Ayuntamiento del Prat: Prat Fam\u00edlies, Nuevas Oportunidades, 0-3<\/span><\/li>\n<li><span style=\"font-size: inherit;\">Servicios de Juventud El Lloro<\/span><\/li>\n<li><span style=\"font-size: inherit;\">SIAD<\/span><\/li>\n<li><span style=\"font-size: inherit;\">Nueva <\/span>ciudadan\u00eda<\/li>\n<\/ul>\n<p>[\/vc_column_text][\/vc_column][\/vc_row][vc_row][vc_column][vc_column_text]<\/p>\n<h3>Participaci\u00f3n comunitaria<\/h3>\n<ul>\n<li>Mesa de Infancia y Adolescencia<\/li>\n<li>Mesa de Salud Mental Comunitaria<\/li>\n<li>Grupo de acci\u00f3n comunitaria de acci\u00f3n social<\/li>\n<li>Participaci\u00f3n en el programa de radio NeP: salud comunitaria<\/li>\n<li>Art\u00edculos para la revista municipal<\/li>\n<\/ul>\n<p>[\/vc_column_text][\/vc_column][\/vc_row][\/vc_section]<\/p>\n<\/div>","protected":false},"excerpt":{"rendered":"<div class='heateorSssClear'><\/div><div  class='heateor_sss_sharing_container heateor_sss_horizontal_sharing' data-heateor-sss-href='https:\/\/families.eduvic.coop\/es\/soaf-el-prat\/'><div class='heateor_sss_sharing_title' style=\"font-weight:bold\" >Comparteix<\/div><div class=\"heateor_sss_sharing_ul\"><a aria-label=\"Facebook\" class=\"heateor_sss_facebook\" href=\"https:\/\/www.facebook.com\/sharer\/sharer.php?u=https%3A%2F%2Ffamilies.eduvic.coop%2Fes%2Fsoaf-el-prat%2F\" title=\"Facebook\" rel=\"nofollow noopener\" target=\"_blank\" style=\"font-size:32px!important;box-shadow:none;display:inline-block;vertical-align:middle\"><span class=\"heateor_sss_svg\" style=\"background-color:#0765FE;width:35px;height:35px;border-radius:999px;display:inline-block;opacity:1;float:left;font-size:32px;box-shadow:none;display:inline-block;font-size:16px;padding:0 4px;vertical-align:middle;background-repeat:repeat;overflow:hidden;padding:0;cursor:pointer;box-sizing:content-box\"><svg style=\"display:block;border-radius:999px;\" focusable=\"false\" aria-hidden=\"true\" xmlns=\"http:\/\/www.w3.org\/2000\/svg\" width=\"100%\" height=\"100%\" viewBox=\"0 0 32 32\"><path fill=\"#fff\" d=\"M28 16c0-6.627-5.373-12-12-12S4 9.373 4 16c0 5.628 3.875 10.35 9.101 11.647v-7.98h-2.474V16H13.1v-1.58c0-4.085 1.849-5.978 5.859-5.978.76 0 2.072.15 2.608.298v3.325c-.283-.03-.775-.045-1.386-.045-1.967 0-2.728.745-2.728 2.683V16h3.92l-.673 3.667h-3.247v8.245C23.395 27.195 28 22.135 28 16Z\"><\/path><\/svg><\/span><\/a><a aria-label=\"Twitter\" class=\"heateor_sss_button_twitter\" href=\"https:\/\/twitter.com\/intent\/tweet?text=SOAF%20%E2%80%93%20El%20Prat&url=https%3A%2F%2Ffamilies.eduvic.coop%2Fes%2Fsoaf-el-prat%2F\" title=\"Twitter\" rel=\"nofollow noopener\" target=\"_blank\" style=\"font-size:32px!important;box-shadow:none;display:inline-block;vertical-align:middle\"><span class=\"heateor_sss_svg heateor_sss_s__default heateor_sss_s_twitter\" style=\"background-color:#55acee;width:35px;height:35px;border-radius:999px;display:inline-block;opacity:1;float:left;font-size:32px;box-shadow:none;display:inline-block;font-size:16px;padding:0 4px;vertical-align:middle;background-repeat:repeat;overflow:hidden;padding:0;cursor:pointer;box-sizing:content-box\"><svg style=\"display:block;border-radius:999px;\" focusable=\"false\" aria-hidden=\"true\" xmlns=\"http:\/\/www.w3.org\/2000\/svg\" width=\"100%\" height=\"100%\" viewBox=\"-4 -4 39 39\"><path d=\"M28 8.557a9.913 9.913 0 0 1-2.828.775 4.93 4.93 0 0 0 2.166-2.725 9.738 9.738 0 0 1-3.13 1.194 4.92 4.92 0 0 0-3.593-1.55 4.924 4.924 0 0 0-4.794 6.049c-4.09-.21-7.72-2.17-10.15-5.15a4.942 4.942 0 0 0-.665 2.477c0 1.71.87 3.214 2.19 4.1a4.968 4.968 0 0 1-2.23-.616v.06c0 2.39 1.7 4.38 3.952 4.83-.414.115-.85.174-1.297.174-.318 0-.626-.03-.928-.086a4.935 4.935 0 0 0 4.6 3.42 9.893 9.893 0 0 1-6.114 2.107c-.398 0-.79-.023-1.175-.068a13.953 13.953 0 0 0 7.55 2.213c9.056 0 14.01-7.507 14.01-14.013 0-.213-.005-.426-.015-.637.96-.695 1.795-1.56 2.455-2.55z\" fill=\"#fff\"><\/path><\/svg><\/span><\/a><a aria-label=\"Linkedin\" class=\"heateor_sss_button_linkedin\" href=\"https:\/\/www.linkedin.com\/sharing\/share-offsite\/?url=https%3A%2F%2Ffamilies.eduvic.coop%2Fes%2Fsoaf-el-prat%2F\" title=\"Linkedin\" rel=\"nofollow noopener\" target=\"_blank\" style=\"font-size:32px!important;box-shadow:none;display:inline-block;vertical-align:middle\"><span class=\"heateor_sss_svg heateor_sss_s__default heateor_sss_s_linkedin\" style=\"background-color:#0077b5;width:35px;height:35px;border-radius:999px;display:inline-block;opacity:1;float:left;font-size:32px;box-shadow:none;display:inline-block;font-size:16px;padding:0 4px;vertical-align:middle;background-repeat:repeat;overflow:hidden;padding:0;cursor:pointer;box-sizing:content-box\"><svg style=\"display:block;border-radius:999px;\" focusable=\"false\" aria-hidden=\"true\" xmlns=\"http:\/\/www.w3.org\/2000\/svg\" width=\"100%\" height=\"100%\" viewBox=\"0 0 32 32\"><path d=\"M6.227 12.61h4.19v13.48h-4.19V12.61zm2.095-6.7a2.43 2.43 0 0 1 0 4.86c-1.344 0-2.428-1.09-2.428-2.43s1.084-2.43 2.428-2.43m4.72 6.7h4.02v1.84h.058c.56-1.058 1.927-2.176 3.965-2.176 4.238 0 5.02 2.792 5.02 6.42v7.395h-4.183v-6.56c0-1.564-.03-3.574-2.178-3.574-2.18 0-2.514 1.7-2.514 3.46v6.668h-4.187V12.61z\" fill=\"#fff\"><\/path><\/svg><\/span><\/a><a aria-label=\"Whatsapp\" class=\"heateor_sss_whatsapp\" href=\"https:\/\/api.whatsapp.com\/send?text=SOAF%20%E2%80%93%20El%20Prat%20https%3A%2F%2Ffamilies.eduvic.coop%2Fes%2Fsoaf-el-prat%2F\" title=\"Whatsapp\" rel=\"nofollow noopener\" target=\"_blank\" style=\"font-size:32px!important;box-shadow:none;display:inline-block;vertical-align:middle\"><span class=\"heateor_sss_svg\" style=\"background-color:#55eb4c;width:35px;height:35px;border-radius:999px;display:inline-block;opacity:1;float:left;font-size:32px;box-shadow:none;display:inline-block;font-size:16px;padding:0 4px;vertical-align:middle;background-repeat:repeat;overflow:hidden;padding:0;cursor:pointer;box-sizing:content-box\"><svg style=\"display:block;border-radius:999px;\" focusable=\"false\" aria-hidden=\"true\" xmlns=\"http:\/\/www.w3.org\/2000\/svg\" width=\"100%\" height=\"100%\" viewBox=\"-6 -5 40 40\"><path class=\"heateor_sss_svg_stroke heateor_sss_no_fill\" stroke=\"#fff\" stroke-width=\"2\" fill=\"none\" d=\"M 11.579798566743314 24.396926207859085 A 10 10 0 1 0 6.808479557110079 20.73576436351046\"><\/path><path d=\"M 7 19 l -1 6 l 6 -1\" class=\"heateor_sss_no_fill heateor_sss_svg_stroke\" stroke=\"#fff\" stroke-width=\"2\" fill=\"none\"><\/path><path d=\"M 10 10 q -1 8 8 11 c 5 -1 0 -6 -1 -3 q -4 -3 -5 -5 c 4 -2 -1 -5 -1 -4\" fill=\"#fff\"><\/path><\/svg><\/span><\/a><a aria-label=\"Instagram\" class=\"heateor_sss_button_instagram\" href=\"https:\/\/www.instagram.com\/\" title=\"Instagram\" rel=\"nofollow noopener\" target=\"_blank\" style=\"font-size:32px!important;box-shadow:none;display:inline-block;vertical-align:middle\"><span class=\"heateor_sss_svg\" style=\"background-color:#53beee;width:35px;height:35px;border-radius:999px;display:inline-block;opacity:1;float:left;font-size:32px;box-shadow:none;display:inline-block;font-size:16px;padding:0 4px;vertical-align:middle;background-repeat:repeat;overflow:hidden;padding:0;cursor:pointer;box-sizing:content-box\"><svg style=\"display:block;border-radius:999px;\" version=\"1.1\" viewBox=\"-10 -10 148 148\" width=\"100%\" height=\"100%\" xml:space=\"preserve\" xmlns=\"http:\/\/www.w3.org\/2000\/svg\" xmlns:xlink=\"http:\/\/www.w3.org\/1999\/xlink\"><g><g><path d=\"M86,112H42c-14.336,0-26-11.663-26-26V42c0-14.337,11.664-26,26-26h44c14.337,0,26,11.663,26,26v44 C112,100.337,100.337,112,86,112z M42,24c-9.925,0-18,8.074-18,18v44c0,9.925,8.075,18,18,18h44c9.926,0,18-8.075,18-18V42 c0-9.926-8.074-18-18-18H42z\" fill=\"#fff\"><\/path><\/g><g><path d=\"M64,88c-13.234,0-24-10.767-24-24c0-13.234,10.766-24,24-24s24,10.766,24,24C88,77.233,77.234,88,64,88z M64,48c-8.822,0-16,7.178-16,16s7.178,16,16,16c8.822,0,16-7.178,16-16S72.822,48,64,48z\" fill=\"#fff\"><\/path><\/g><g><circle cx=\"89.5\" cy=\"38.5\" fill=\"#fff\" r=\"5.5\"><\/circle><\/g><\/g><\/svg><\/span><\/a><\/div><div class=\"heateorSssClear\"><\/div><\/div><div class='heateorSssClear'><\/div><p>[vc_section full_width=\u00bbstretch_row\u00bb el_class=\u00bbseccio-header\u00bb css=\u00bb.vc_custom_1663312011453{background-image: url(https:\/\/families.eduvic.coop\/wp-content\/uploads\/2022\/09\/portada-objectius.jpg?id=1870) !important;background-position: center !important;background-repeat: no-repeat !important;background-size: cover !important;}\u00bb][vc_row full_width=\u00bbstretch_row\u00bb el_class=\u00bbimg-gradient titols-projectes\u00bb][vc_column][vc_column_text] SOAF \u2013 El Prat Servicio &#8230; <a title=\"SOAF \u2013 El Prat\" class=\"read-more\" href=\"https:\/\/families.eduvic.coop\/es\/soaf-el-prat\/\" aria-label=\"Leer m\u00e1s sobre SOAF \u2013 El Prat\"> <\/a><\/p>\n","protected":false},"author":2,"featured_media":0,"parent":0,"menu_order":0,"comment_status":"closed","ping_status":"closed","template":"","meta":{"footnotes":""},"class_list":["post-2930","page","type-page","status-publish"],"_links":{"self":[{"href":"https:\/\/families.eduvic.coop\/es\/wp-json\/wp\/v2\/pages\/2930","targetHints":{"allow":["GET"]}}],"collection":[{"href":"https:\/\/families.eduvic.coop\/es\/wp-json\/wp\/v2\/pages"}],"about":[{"href":"https:\/\/families.eduvic.coop\/es\/wp-json\/wp\/v2\/types\/page"}],"author":[{"embeddable":true,"href":"https:\/\/families.eduvic.coop\/es\/wp-json\/wp\/v2\/users\/2"}],"replies":[{"embeddable":true,"href":"https:\/\/families.eduvic.coop\/es\/wp-json\/wp\/v2\/comments?post=2930"}],"version-history":[{"count":3,"href":"https:\/\/families.eduvic.coop\/es\/wp-json\/wp\/v2\/pages\/2930\/revisions"}],"predecessor-version":[{"id":2933,"href":"https:\/\/families.eduvic.coop\/es\/wp-json\/wp\/v2\/pages\/2930\/revisions\/2933"}],"wp:attachment":[{"href":"https:\/\/families.eduvic.coop\/es\/wp-json\/wp\/v2\/media?parent=2930"}],"curies":[{"name":"wp","href":"https:\/\/api.w.org\/{rel}","templated":true}]}}